{"id":36,"date":"2022-04-04T22:23:04","date_gmt":"2022-04-04T22:23:04","guid":{"rendered":"https:\/\/daguassa.gov.co\/ad\/conectar\/"},"modified":"2022-04-04T22:23:04","modified_gmt":"2022-04-04T22:23:04","slug":"conectar","status":"publish","type":"page","link":"https:\/\/daguassa.gov.co\/ad\/conectar\/","title":{"rendered":"Conectar"},"content":{"rendered":"\n<h2 class=\"has-text-align-center wp-block-heading\">Contacto\u00e9mosnos<\/h2>\n\n\n\n<p class=\"has-text-align-center\">Pues, \u00bfc\u00f3mo est\u00e1s? \u00a1Ese ser maravilloso y fabuloso que eres t\u00fa!\u00a0Si quieres ponerte en contacto conmigo, no dudes en llamarme al (555) 555-5555, o env\u00eda un mensaje con el formulario que aparece m\u00e1s abajo. Sea como fuere, \u00a1me pondr\u00e9 en contacto contigo en breve!<\/p>\n\n\n\n\n\n\n\n\n\n\n\n\n<div class=\"wp-block-coblocks-services alignwide is-style-circle\"><div class=\"is-style-circle has-columns has-3-columns has-responsive-columns has-medium-gutter\">\n<div class=\"wp-block-coblocks-service\"><figure class=\"wp-block-coblocks-service__figure\"><img decoding=\"async\" src=\"https:\/\/daguassa.gov.co\/ad\/wp-content\/uploads\/2022\/04\/contact-image-1.jpg\" alt=\"Descripci\u00f3n de la imagen\"\/><\/figure><div class=\"wp-block-coblocks-service__content\">\n<p class=\"has-text-align-center\"><em>\u00abAprecio la habilidad de Everett de componer fotos visualmente deslumbrantes, d\u00e1ndole vida a mis recuerdo cada vez que las miro. \u00a1No podr\u00eda estar m\u00e1s feliz!\u00bb<\/em><\/p>\n\n\n\n<p class=\"has-text-align-center\">&#8211; Larina H.<\/p>\n<\/div><\/div>\n\n\n\n<div class=\"wp-block-coblocks-service\"><figure class=\"wp-block-coblocks-service__figure\"><img decoding=\"async\" src=\"https:\/\/daguassa.gov.co\/ad\/wp-content\/uploads\/2022\/04\/contact-image-2.jpg\" alt=\"Descripci\u00f3n de la imagen\"\/><\/figure><div class=\"wp-block-coblocks-service__content\">\n<p class=\"has-text-align-center\"><em>\u00abEverett debiera ser nominada como fot\u00f3grafa del a\u00f1o. Me encanta sobremanera su fotograf\u00eda en mi boda. \u00a1Es maravillosa!\u00bb<\/em><\/p>\n\n\n\n<p class=\"has-text-align-center\">&#8211; Kam V.<\/p>\n<\/div><\/div>\n\n\n\n<div class=\"wp-block-coblocks-service\"><figure class=\"wp-block-coblocks-service__figure\"><img decoding=\"async\" src=\"https:\/\/daguassa.gov.co\/ad\/wp-content\/uploads\/2022\/04\/contact-image-3.jpg\" alt=\"Descripci\u00f3n de la imagen\"\/><\/figure><div class=\"wp-block-coblocks-service__content\">\n<p class=\"has-text-align-center\"><em>\u00abEverett sab\u00eda exactamente c\u00f3mo extraer lo mejor de m\u00ed y volcarlo en un hermoso retrato. Realmente me complace haber conocido a Everett &#8211; \u00a1ahora es mi fot\u00f3grafa de cabecera!\u00bb<\/em><\/p>\n\n\n\n<p class=\"has-text-align-center\">&#8211; Jerri S.<\/p>\n<\/div><\/div>\n<\/div><\/div>\n","protected":false},"excerpt":{"rendered":"<p>Contacto\u00e9mosnos Pues, \u00bfc\u00f3mo est\u00e1s? \u00a1Ese ser maravilloso y fabuloso que eres t\u00fa!\u00a0Si quieres ponerte en&#8230;<\/p>\n","protected":false},"author":1,"featured_media":0,"parent":0,"menu_order":0,"comment_status":"closed","ping_status":"closed","template":"","meta":[],"_links":{"self":[{"href":"https:\/\/daguassa.gov.co\/ad\/wp-json\/wp\/v2\/pages\/36"}],"collection":[{"href":"https:\/\/daguassa.gov.co\/ad\/wp-json\/wp\/v2\/pages"}],"about":[{"href":"https:\/\/daguassa.gov.co\/ad\/wp-json\/wp\/v2\/types\/page"}],"author":[{"embeddable":true,"href":"https:\/\/daguassa.gov.co\/ad\/wp-json\/wp\/v2\/users\/1"}],"replies":[{"embeddable":true,"href":"https:\/\/daguassa.gov.co\/ad\/wp-json\/wp\/v2\/comments?post=36"}],"version-history":[{"count":0,"href":"https:\/\/daguassa.gov.co\/ad\/wp-json\/wp\/v2\/pages\/36\/revisions"}],"wp:attachment":[{"href":"https:\/\/daguassa.gov.co\/ad\/wp-json\/wp\/v2\/media?parent=36"}],"curies":[{"name":"wp","href":"https:\/\/api.w.org\/{rel}","templated":true}]}}