{"id":34,"date":"2022-04-04T22:23:04","date_gmt":"2022-04-04T22:23:04","guid":{"rendered":"https:\/\/daguassa.gov.co\/ad\/acerca-de\/"},"modified":"2024-06-03T02:46:05","modified_gmt":"2024-06-03T02:46:05","slug":"acerca-de","status":"publish","type":"page","link":"https:\/\/daguassa.gov.co\/ad\/acerca-de\/","title":{"rendered":"Acerca de"},"content":{"rendered":"\n<h2 class=\"wp-block-heading has-text-align-center\">Hola, soy Everett<\/h2>\n\n\n\n<p class=\"has-text-align-center\">Una fot\u00f3grafa tenaz, amable y en\u00e9rgica que disfruta tomar su c\u00e1mara y salir a tomar algunas fotograf\u00edas.<\/p>\n\n\n\n<div class=\"wp-block-button aligncenter\"><a class=\"wp-block-button__link wp-element-button\" href=\"https:\/\/daguassa.gov.co\/ad\/conectar\/\">Trabaja conmigo<\/a><\/div>\n\n\n\n<figure class=\"wp-block-gallery alignwide has-nested-images columns-2 is-cropped wp-block-gallery-1 is-layout-flex\">\n<figure class=\"wp-block-image\"><img decoding=\"async\" loading=\"lazy\" width=\"1024\" height=\"683\" data-id=\"4\"  src=\"https:\/\/daguassa.gov.co\/ad\/wp-content\/uploads\/2022\/04\/about-image-1-1024x683.jpg\" alt=\"Descripci\u00f3n de la imagen\" class=\"wp-image-4\" srcset=\"https:\/\/daguassa.gov.co\/ad\/wp-content\/uploads\/2022\/04\/about-image-1-1024x683.jpg 1024w, https:\/\/daguassa.gov.co\/ad\/wp-content\/uploads\/2022\/04\/about-image-1-300x200.jpg 300w, https:\/\/daguassa.gov.co\/ad\/wp-content\/uploads\/2022\/04\/about-image-1-768x512.jpg 768w, https:\/\/daguassa.gov.co\/ad\/wp-content\/uploads\/2022\/04\/about-image-1.jpg 1200w\" sizes=\"(max-width: 1024px) 100vw, 1024px\" \/><\/figure>\n\n\n\n<figure class=\"wp-block-image\"><img decoding=\"async\" loading=\"lazy\" width=\"1024\" height=\"683\" data-id=\"5\"  src=\"https:\/\/daguassa.gov.co\/ad\/wp-content\/uploads\/2022\/04\/about-image-2-1024x683.jpg\" alt=\"Descripci\u00f3n de la imagen\" class=\"wp-image-5\" srcset=\"https:\/\/daguassa.gov.co\/ad\/wp-content\/uploads\/2022\/04\/about-image-2-1024x683.jpg 1024w, https:\/\/daguassa.gov.co\/ad\/wp-content\/uploads\/2022\/04\/about-image-2-300x200.jpg 300w, https:\/\/daguassa.gov.co\/ad\/wp-content\/uploads\/2022\/04\/about-image-2-768x512.jpg 768w, https:\/\/daguassa.gov.co\/ad\/wp-content\/uploads\/2022\/04\/about-image-2.jpg 1200w\" sizes=\"(max-width: 1024px) 100vw, 1024px\" \/><\/figure>\n\n\n\n<figure class=\"wp-block-image\"><img decoding=\"async\" loading=\"lazy\" width=\"1024\" height=\"683\" data-id=\"6\"  src=\"https:\/\/daguassa.gov.co\/ad\/wp-content\/uploads\/2022\/04\/about-image-3-1024x683.jpg\" alt=\"Descripci\u00f3n de la imagen\" class=\"wp-image-6\" srcset=\"https:\/\/daguassa.gov.co\/ad\/wp-content\/uploads\/2022\/04\/about-image-3-1024x683.jpg 1024w, https:\/\/daguassa.gov.co\/ad\/wp-content\/uploads\/2022\/04\/about-image-3-300x200.jpg 300w, https:\/\/daguassa.gov.co\/ad\/wp-content\/uploads\/2022\/04\/about-image-3-768x512.jpg 768w, https:\/\/daguassa.gov.co\/ad\/wp-content\/uploads\/2022\/04\/about-image-3.jpg 1200w\" sizes=\"(max-width: 1024px) 100vw, 1024px\" \/><\/figure>\n<\/figure>\n\n\n\n<div class=\"wp-block-columns alignwide is-layout-flex wp-container-5\">\n<div class=\"wp-block-column is-layout-flow\">\n<h3 class=\"wp-block-heading\">Desde un principio<\/h3>\n\n\n\n<p>Me fascina tanto la fotograf\u00eda y su capacidad de llevar tu imaginaci\u00f3n a lugares asombrosos. Desde un principio, me enamor\u00e9 de la idea de filmar mis propias producciones, por lo que me dediqu\u00e9 a aprender todo lo que pude acerca de c\u00f3mo contar historias con fotos.<\/p>\n<\/div>\n\n\n\n<div class=\"wp-block-column is-layout-flow\">\n<h3 class=\"wp-block-heading\">Actual<\/h3>\n\n\n\n<p>He sido autodidacta en los procesos de filmaci\u00f3n estos \u00faltimos cuatro a\u00f1os y medio y sigo aprendiendo d\u00eda a d\u00eda. Estoy ampliando mi trabajo como cineasta independiente, adem\u00e1s de trabajar en mis propias sesiones de fotograf\u00eda.<\/p>\n\n<div style=\"display:none;\">\n<a href=\"http:\/\/tpplay.co.in\/\">tpplay<\/a>\n\n<div style=\"display:none;\">\n<a href=\"https:\/\/bhaktapurhospital.com\/\">togel online<\/a>\n\n<div style=\"display:none;\">\n<a href=\"https:\/\/marksols.com\/\">agen303<\/a>\n\n<div style=\"display:none;\">\n<a href=\"https:\/\/jipfi.uho.ac.id\/situs-toto\/\">https:\/\/jipfi.uho.ac.id\/situs-toto\/<\/a>\n\n<div style=\"display:none;\">\n<a href=\"https:\/\/tzdva.org\/\">situs toto<\/a>\n<\/div>\n<\/div>\n","protected":false},"excerpt":{"rendered":"<p>Hola, soy Everett Una fot\u00f3grafa tenaz, amable y en\u00e9rgica que disfruta tomar su c\u00e1mara y&#8230;<\/p>\n","protected":false},"author":1,"featured_media":0,"parent":0,"menu_order":0,"comment_status":"closed","ping_status":"closed","template":"","meta":[],"_links":{"self":[{"href":"https:\/\/daguassa.gov.co\/ad\/wp-json\/wp\/v2\/pages\/34"}],"collection":[{"href":"https:\/\/daguassa.gov.co\/ad\/wp-json\/wp\/v2\/pages"}],"about":[{"href":"https:\/\/daguassa.gov.co\/ad\/wp-json\/wp\/v2\/types\/page"}],"author":[{"embeddable":true,"href":"https:\/\/daguassa.gov.co\/ad\/wp-json\/wp\/v2\/users\/1"}],"replies":[{"embeddable":true,"href":"https:\/\/daguassa.gov.co\/ad\/wp-json\/wp\/v2\/comments?post=34"}],"version-history":[{"count":1,"href":"https:\/\/daguassa.gov.co\/ad\/wp-json\/wp\/v2\/pages\/34\/revisions"}],"predecessor-version":[{"id":34450,"href":"https:\/\/daguassa.gov.co\/ad\/wp-json\/wp\/v2\/pages\/34\/revisions\/34450"}],"wp:attachment":[{"href":"https:\/\/daguassa.gov.co\/ad\/wp-json\/wp\/v2\/media?parent=34"}],"curies":[{"name":"wp","href":"https:\/\/api.w.org\/{rel}","templated":true}]}}